{"id":411,"date":"2020-04-24T16:50:07","date_gmt":"2020-04-24T16:50:07","guid":{"rendered":"http:\/\/carambuco.com\/tienda\/?post_type=product&#038;p=411"},"modified":"2021-01-04T06:49:47","modified_gmt":"2021-01-04T06:49:47","slug":"tamper-motta","status":"publish","type":"product","link":"https:\/\/carambuco.com\/tienda\/producto\/accesorios\/tamper-motta\/","title":{"rendered":"TAMPER MOTTA"},"content":{"rendered":"<p>Prensador de caf\u00e9 de 58 mm de base plana.<\/p>\n","protected":false},"excerpt":{"rendered":"<p>Para prensar el caf\u00e9.<\/p>\n","protected":false},"featured_media":691,"comment_status":"open","ping_status":"closed","template":"","meta":{"site-sidebar-layout":"default","site-content-layout":"default","ast-site-content-layout":"default","site-content-style":"default","site-sidebar-style":"default","ast-global-header-display":"","ast-banner-title-visibility":"","ast-main-header-display":"","ast-hfb-above-header-display":"","ast-hfb-below-header-display":"","ast-hfb-mobile-header-display":"","site-post-title":"","ast-breadcrumbs-content":"","ast-featured-img":"","footer-sml-layout":"","ast-disable-related-posts":"","theme-transparent-header-meta":"default","adv-header-id-meta":"","stick-header-meta":"","header-above-stick-meta":"","header-main-stick-meta":"","header-below-stick-meta":"","astra-migrate-meta-layouts":"default","ast-page-background-enabled":"default","ast-page-background-meta":{"desktop":{"background-color":"","background-image":"","background-repeat":"repeat","background-position":"center center","background-size":"auto","background-attachment":"scroll","background-type":"","background-media":"","overlay-type":"","overlay-color":"","overlay-opacity":"","overlay-gradient":""},"tablet":{"background-color":"","background-image":"","background-repeat":"repeat","background-position":"center center","background-size":"auto","background-attachment":"scroll","background-type":"","background-media":"","overlay-type":"","overlay-color":"","overlay-opacity":"","overlay-gradient":""},"mobile":{"background-color":"","background-image":"","background-repeat":"repeat","background-position":"center center","background-size":"auto","background-attachment":"scroll","background-type":"","background-media":"","overlay-type":"","overlay-color":"","overlay-opacity":"","overlay-gradient":""}},"ast-content-background-meta":{"desktop":{"background-color":"var(--ast-global-color-5)","background-image":"","background-repeat":"repeat","background-position":"center center","background-size":"auto","background-attachment":"scroll","background-type":"","background-media":"","overlay-type":"","overlay-color":"","overlay-opacity":"","overlay-gradient":""},"tablet":{"background-color":"var(--ast-global-color-5)","background-image":"","background-repeat":"repeat","background-position":"center center","background-size":"auto","background-attachment":"scroll","background-type":"","background-media":"","overlay-type":"","overlay-color":"","overlay-opacity":"","overlay-gradient":""},"mobile":{"background-color":"var(--ast-global-color-5)","background-image":"","background-repeat":"repeat","background-position":"center center","background-size":"auto","background-attachment":"scroll","background-type":"","background-media":"","overlay-type":"","overlay-color":"","overlay-opacity":"","overlay-gradient":""}}},"product_cat":[180],"product_tag":[],"class_list":{"0":"post-411","1":"product","2":"type-product","3":"status-publish","4":"has-post-thumbnail","6":"product_cat-accesorios","7":"desktop-align-center","8":"tablet-align-left","9":"mobile-align-left","11":"first","12":"instock","13":"taxable","14":"shipping-taxable","15":"purchasable","16":"product-type-simple"},"yoast_head":"<!-- This site is optimized with the Yoast SEO plugin v24.2 - https:\/\/yoast.com\/wordpress\/plugins\/seo\/ -->\n<title>TAMPER MOTTA | Compra Caf\u00e9 en Tienda Carambuco<\/title>\n<meta name=\"description\" content=\"Tienda Online Carambuco | Compra caf\u00e9 Carambuco. Excelente mezcla de caf\u00e9 ar\u00e1bica 100%. Tambi\u00e9n descafeinado. Seleccionados en origen y de procedencia ecol\u00f3gica. Env\u00edo Gratis a Peninsula.\" \/>\n<meta name=\"robots\" content=\"index, follow, max-snippet:-1, max-image-preview:large, max-video-preview:-1\" \/>\n<link rel=\"canonical\" href=\"https:\/\/carambuco.com\/tienda\/producto\/accesorios\/tamper-motta\/\" \/>\n<meta property=\"og:locale\" content=\"es_ES\" \/>\n<meta property=\"og:type\" content=\"article\" \/>\n<meta property=\"og:title\" content=\"TAMPER MOTTA | Compra Caf\u00e9 en Tienda Carambuco\" \/>\n<meta property=\"og:description\" content=\"Tienda Online Carambuco | Compra caf\u00e9 Carambuco. Excelente mezcla de caf\u00e9 ar\u00e1bica 100%. Tambi\u00e9n descafeinado. Seleccionados en origen y de procedencia ecol\u00f3gica. Env\u00edo Gratis a Peninsula.\" \/>\n<meta property=\"og:url\" content=\"https:\/\/carambuco.com\/tienda\/producto\/accesorios\/tamper-motta\/\" \/>\n<meta property=\"og:site_name\" content=\"Tienda Caf\u00e9 Carambuco\" \/>\n<meta property=\"article:modified_time\" content=\"2021-01-04T06:49:47+00:00\" \/>\n<meta property=\"og:image\" content=\"https:\/\/carambuco.com\/tienda\/wp-content\/uploads\/2020\/04\/TAMPER-MOTTA-1.png\" \/>\n\t<meta property=\"og:image:width\" content=\"558\" \/>\n\t<meta property=\"og:image:height\" content=\"558\" \/>\n\t<meta property=\"og:image:type\" content=\"image\/png\" \/>\n<meta name=\"twitter:card\" content=\"summary_large_image\" \/>\n<script type=\"application\/ld+json\" class=\"yoast-schema-graph\">{\"@context\":\"https:\/\/schema.org\",\"@graph\":[{\"@type\":\"WebPage\",\"@id\":\"https:\/\/carambuco.com\/tienda\/producto\/accesorios\/tamper-motta\/\",\"url\":\"https:\/\/carambuco.com\/tienda\/producto\/accesorios\/tamper-motta\/\",\"name\":\"TAMPER MOTTA | Compra Caf\u00e9 en Tienda Carambuco\",\"isPartOf\":{\"@id\":\"https:\/\/carambuco.com\/tienda\/#website\"},\"primaryImageOfPage\":{\"@id\":\"https:\/\/carambuco.com\/tienda\/producto\/accesorios\/tamper-motta\/#primaryimage\"},\"image\":{\"@id\":\"https:\/\/carambuco.com\/tienda\/producto\/accesorios\/tamper-motta\/#primaryimage\"},\"thumbnailUrl\":\"https:\/\/carambuco.com\/tienda\/wp-content\/uploads\/2020\/04\/TAMPER-MOTTA-1.png\",\"datePublished\":\"2020-04-24T16:50:07+00:00\",\"dateModified\":\"2021-01-04T06:49:47+00:00\",\"description\":\"Tienda Online Carambuco | Compra caf\u00e9 Carambuco. Excelente mezcla de caf\u00e9 ar\u00e1bica 100%. Tambi\u00e9n descafeinado. Seleccionados en origen y de procedencia ecol\u00f3gica. Env\u00edo Gratis a Peninsula.\",\"breadcrumb\":{\"@id\":\"https:\/\/carambuco.com\/tienda\/producto\/accesorios\/tamper-motta\/#breadcrumb\"},\"inLanguage\":\"es\",\"potentialAction\":[{\"@type\":\"ReadAction\",\"target\":[\"https:\/\/carambuco.com\/tienda\/producto\/accesorios\/tamper-motta\/\"]}]},{\"@type\":\"ImageObject\",\"inLanguage\":\"es\",\"@id\":\"https:\/\/carambuco.com\/tienda\/producto\/accesorios\/tamper-motta\/#primaryimage\",\"url\":\"https:\/\/carambuco.com\/tienda\/wp-content\/uploads\/2020\/04\/TAMPER-MOTTA-1.png\",\"contentUrl\":\"https:\/\/carambuco.com\/tienda\/wp-content\/uploads\/2020\/04\/TAMPER-MOTTA-1.png\",\"width\":558,\"height\":558},{\"@type\":\"BreadcrumbList\",\"@id\":\"https:\/\/carambuco.com\/tienda\/producto\/accesorios\/tamper-motta\/#breadcrumb\",\"itemListElement\":[{\"@type\":\"ListItem\",\"position\":1,\"name\":\"Portada\",\"item\":\"https:\/\/carambuco.com\/tienda\/\"},{\"@type\":\"ListItem\",\"position\":2,\"name\":\"La Tienda del caf\u00e9 &#8211; Todos los productos\",\"item\":\"https:\/\/carambuco.com\/tienda\/la-tienda-del-cafe\/\"},{\"@type\":\"ListItem\",\"position\":3,\"name\":\"TAMPER MOTTA\"}]},{\"@type\":\"WebSite\",\"@id\":\"https:\/\/carambuco.com\/tienda\/#website\",\"url\":\"https:\/\/carambuco.com\/tienda\/\",\"name\":\"Tienda Caf\u00e9 Carambuco\",\"description\":\"Expertos en Caf\u00e9\",\"publisher\":{\"@id\":\"https:\/\/carambuco.com\/tienda\/#organization\"},\"potentialAction\":[{\"@type\":\"SearchAction\",\"target\":{\"@type\":\"EntryPoint\",\"urlTemplate\":\"https:\/\/carambuco.com\/tienda\/?s={search_term_string}\"},\"query-input\":{\"@type\":\"PropertyValueSpecification\",\"valueRequired\":true,\"valueName\":\"search_term_string\"}}],\"inLanguage\":\"es\"},{\"@type\":\"Organization\",\"@id\":\"https:\/\/carambuco.com\/tienda\/#organization\",\"name\":\"Caf\u00e9 Carambuco\",\"url\":\"https:\/\/carambuco.com\/tienda\/\",\"logo\":{\"@type\":\"ImageObject\",\"inLanguage\":\"es\",\"@id\":\"https:\/\/carambuco.com\/tienda\/#\/schema\/logo\/image\/\",\"url\":\"https:\/\/carambuco.com\/tienda\/wp-content\/uploads\/2020\/04\/cropped-logo-cafe-carambuco.png\",\"contentUrl\":\"https:\/\/carambuco.com\/tienda\/wp-content\/uploads\/2020\/04\/cropped-logo-cafe-carambuco.png\",\"width\":512,\"height\":512,\"caption\":\"Caf\u00e9 Carambuco\"},\"image\":{\"@id\":\"https:\/\/carambuco.com\/tienda\/#\/schema\/logo\/image\/\"}}]}<\/script>\n<!-- \/ Yoast SEO plugin. -->","yoast_head_json":{"title":"TAMPER MOTTA | Compra Caf\u00e9 en Tienda Carambuco","description":"Tienda Online Carambuco | Compra caf\u00e9 Carambuco. Excelente mezcla de caf\u00e9 ar\u00e1bica 100%. Tambi\u00e9n descafeinado. Seleccionados en origen y de procedencia ecol\u00f3gica. Env\u00edo Gratis a Peninsula.","robots":{"index":"index","follow":"follow","max-snippet":"max-snippet:-1","max-image-preview":"max-image-preview:large","max-video-preview":"max-video-preview:-1"},"canonical":"https:\/\/carambuco.com\/tienda\/producto\/accesorios\/tamper-motta\/","og_locale":"es_ES","og_type":"article","og_title":"TAMPER MOTTA | Compra Caf\u00e9 en Tienda Carambuco","og_description":"Tienda Online Carambuco | Compra caf\u00e9 Carambuco. Excelente mezcla de caf\u00e9 ar\u00e1bica 100%. Tambi\u00e9n descafeinado. Seleccionados en origen y de procedencia ecol\u00f3gica. Env\u00edo Gratis a Peninsula.","og_url":"https:\/\/carambuco.com\/tienda\/producto\/accesorios\/tamper-motta\/","og_site_name":"Tienda Caf\u00e9 Carambuco","article_modified_time":"2021-01-04T06:49:47+00:00","og_image":[{"width":558,"height":558,"url":"https:\/\/carambuco.com\/tienda\/wp-content\/uploads\/2020\/04\/TAMPER-MOTTA-1.png","type":"image\/png"}],"twitter_card":"summary_large_image","schema":{"@context":"https:\/\/schema.org","@graph":[{"@type":"WebPage","@id":"https:\/\/carambuco.com\/tienda\/producto\/accesorios\/tamper-motta\/","url":"https:\/\/carambuco.com\/tienda\/producto\/accesorios\/tamper-motta\/","name":"TAMPER MOTTA | Compra Caf\u00e9 en Tienda Carambuco","isPartOf":{"@id":"https:\/\/carambuco.com\/tienda\/#website"},"primaryImageOfPage":{"@id":"https:\/\/carambuco.com\/tienda\/producto\/accesorios\/tamper-motta\/#primaryimage"},"image":{"@id":"https:\/\/carambuco.com\/tienda\/producto\/accesorios\/tamper-motta\/#primaryimage"},"thumbnailUrl":"https:\/\/carambuco.com\/tienda\/wp-content\/uploads\/2020\/04\/TAMPER-MOTTA-1.png","datePublished":"2020-04-24T16:50:07+00:00","dateModified":"2021-01-04T06:49:47+00:00","description":"Tienda Online Carambuco | Compra caf\u00e9 Carambuco. Excelente mezcla de caf\u00e9 ar\u00e1bica 100%. Tambi\u00e9n descafeinado. Seleccionados en origen y de procedencia ecol\u00f3gica. Env\u00edo Gratis a Peninsula.","breadcrumb":{"@id":"https:\/\/carambuco.com\/tienda\/producto\/accesorios\/tamper-motta\/#breadcrumb"},"inLanguage":"es","potentialAction":[{"@type":"ReadAction","target":["https:\/\/carambuco.com\/tienda\/producto\/accesorios\/tamper-motta\/"]}]},{"@type":"ImageObject","inLanguage":"es","@id":"https:\/\/carambuco.com\/tienda\/producto\/accesorios\/tamper-motta\/#primaryimage","url":"https:\/\/carambuco.com\/tienda\/wp-content\/uploads\/2020\/04\/TAMPER-MOTTA-1.png","contentUrl":"https:\/\/carambuco.com\/tienda\/wp-content\/uploads\/2020\/04\/TAMPER-MOTTA-1.png","width":558,"height":558},{"@type":"BreadcrumbList","@id":"https:\/\/carambuco.com\/tienda\/producto\/accesorios\/tamper-motta\/#breadcrumb","itemListElement":[{"@type":"ListItem","position":1,"name":"Portada","item":"https:\/\/carambuco.com\/tienda\/"},{"@type":"ListItem","position":2,"name":"La Tienda del caf\u00e9 &#8211; Todos los productos","item":"https:\/\/carambuco.com\/tienda\/la-tienda-del-cafe\/"},{"@type":"ListItem","position":3,"name":"TAMPER MOTTA"}]},{"@type":"WebSite","@id":"https:\/\/carambuco.com\/tienda\/#website","url":"https:\/\/carambuco.com\/tienda\/","name":"Tienda Caf\u00e9 Carambuco","description":"Expertos en Caf\u00e9","publisher":{"@id":"https:\/\/carambuco.com\/tienda\/#organization"},"potentialAction":[{"@type":"SearchAction","target":{"@type":"EntryPoint","urlTemplate":"https:\/\/carambuco.com\/tienda\/?s={search_term_string}"},"query-input":{"@type":"PropertyValueSpecification","valueRequired":true,"valueName":"search_term_string"}}],"inLanguage":"es"},{"@type":"Organization","@id":"https:\/\/carambuco.com\/tienda\/#organization","name":"Caf\u00e9 Carambuco","url":"https:\/\/carambuco.com\/tienda\/","logo":{"@type":"ImageObject","inLanguage":"es","@id":"https:\/\/carambuco.com\/tienda\/#\/schema\/logo\/image\/","url":"https:\/\/carambuco.com\/tienda\/wp-content\/uploads\/2020\/04\/cropped-logo-cafe-carambuco.png","contentUrl":"https:\/\/carambuco.com\/tienda\/wp-content\/uploads\/2020\/04\/cropped-logo-cafe-carambuco.png","width":512,"height":512,"caption":"Caf\u00e9 Carambuco"},"image":{"@id":"https:\/\/carambuco.com\/tienda\/#\/schema\/logo\/image\/"}}]}},"_links":{"self":[{"href":"https:\/\/carambuco.com\/tienda\/wp-json\/wp\/v2\/product\/411","targetHints":{"allow":["GET"]}}],"collection":[{"href":"https:\/\/carambuco.com\/tienda\/wp-json\/wp\/v2\/product"}],"about":[{"href":"https:\/\/carambuco.com\/tienda\/wp-json\/wp\/v2\/types\/product"}],"replies":[{"embeddable":true,"href":"https:\/\/carambuco.com\/tienda\/wp-json\/wp\/v2\/comments?post=411"}],"version-history":[{"count":0,"href":"https:\/\/carambuco.com\/tienda\/wp-json\/wp\/v2\/product\/411\/revisions"}],"wp:featuredmedia":[{"embeddable":true,"href":"https:\/\/carambuco.com\/tienda\/wp-json\/wp\/v2\/media\/691"}],"wp:attachment":[{"href":"https:\/\/carambuco.com\/tienda\/wp-json\/wp\/v2\/media?parent=411"}],"wp:term":[{"taxonomy":"product_cat","embeddable":true,"href":"https:\/\/carambuco.com\/tienda\/wp-json\/wp\/v2\/product_cat?post=411"},{"taxonomy":"product_tag","embeddable":true,"href":"https:\/\/carambuco.com\/tienda\/wp-json\/wp\/v2\/product_tag?post=411"}],"curies":[{"name":"wp","href":"https:\/\/api.w.org\/{rel}","templated":true}]}}