{"id":1859,"date":"2022-10-08T19:28:57","date_gmt":"2022-10-08T19:28:57","guid":{"rendered":"https:\/\/carambuco.com\/tienda\/?post_type=product&#038;p=1859"},"modified":"2025-08-06T09:13:58","modified_gmt":"2025-08-06T09:13:58","slug":"ecologic-decaf-coffee-2","status":"publish","type":"product","link":"https:\/\/carambuco.com\/tienda\/en\/producto\/cafe-en\/ecologic-decaf-coffee-2\/","title":{"rendered":"ECOLOGIC DECAF COFFEE"},"content":{"rendered":"<p class=\"Normal1\">This coffee is the decaf version of our organic carambuco arabica coffee highland 100%. <span lang=\"EN-US\">As its caffeinated version,it is the most natural and pure brand\u2019s coffee. Select combination of the best coffees of this exquisite variety. The production of this decaffeinated strictly fulfills the existing traceability normative. We use the most ecologic decaffeination, swiss water.<\/span><\/p>\n","protected":false},"excerpt":{"rendered":"<p class=\"Normal1\"><span lang=\"EN-US\">It is the most natural and pure brand\u2019s coffee. Select combination of the best coffees of this exquisite variety.<\/span><\/p>\n","protected":false},"featured_media":671,"comment_status":"open","ping_status":"closed","template":"","meta":{"site-sidebar-layout":"default","site-content-layout":"default","ast-site-content-layout":"default","site-content-style":"default","site-sidebar-style":"default","ast-global-header-display":"","ast-banner-title-visibility":"","ast-main-header-display":"","ast-hfb-above-header-display":"","ast-hfb-below-header-display":"","ast-hfb-mobile-header-display":"","site-post-title":"","ast-breadcrumbs-content":"","ast-featured-img":"","footer-sml-layout":"","ast-disable-related-posts":"","theme-transparent-header-meta":"default","adv-header-id-meta":"","stick-header-meta":"","header-above-stick-meta":"","header-main-stick-meta":"","header-below-stick-meta":"","astra-migrate-meta-layouts":"set","ast-page-background-enabled":"default","ast-page-background-meta":{"desktop":{"background-color":"","background-image":"","background-repeat":"repeat","background-position":"center center","background-size":"auto","background-attachment":"scroll","background-type":"","background-media":"","overlay-type":"","overlay-color":"","overlay-opacity":"","overlay-gradient":""},"tablet":{"background-color":"","background-image":"","background-repeat":"repeat","background-position":"center center","background-size":"auto","background-attachment":"scroll","background-type":"","background-media":"","overlay-type":"","overlay-color":"","overlay-opacity":"","overlay-gradient":""},"mobile":{"background-color":"","background-image":"","background-repeat":"repeat","background-position":"center center","background-size":"auto","background-attachment":"scroll","background-type":"","background-media":"","overlay-type":"","overlay-color":"","overlay-opacity":"","overlay-gradient":""}},"ast-content-background-meta":{"desktop":{"background-color":"var(--ast-global-color-5)","background-image":"","background-repeat":"repeat","background-position":"center center","background-size":"auto","background-attachment":"scroll","background-type":"","background-media":"","overlay-type":"","overlay-color":"","overlay-opacity":"","overlay-gradient":""},"tablet":{"background-color":"var(--ast-global-color-5)","background-image":"","background-repeat":"repeat","background-position":"center center","background-size":"auto","background-attachment":"scroll","background-type":"","background-media":"","overlay-type":"","overlay-color":"","overlay-opacity":"","overlay-gradient":""},"mobile":{"background-color":"var(--ast-global-color-5)","background-image":"","background-repeat":"repeat","background-position":"center center","background-size":"auto","background-attachment":"scroll","background-type":"","background-media":"","overlay-type":"","overlay-color":"","overlay-opacity":"","overlay-gradient":""}}},"product_cat":[86,166,162],"product_tag":[],"class_list":{"0":"post-1859","1":"product","2":"type-product","3":"status-publish","4":"has-post-thumbnail","6":"product_cat-cafe-en","7":"product_cat-decaf-coffee","8":"product_cat-ecologic-coffee","9":"desktop-align-center","10":"tablet-align-left","11":"mobile-align-left","13":"first","14":"instock","15":"featured","16":"taxable","17":"shipping-taxable","18":"purchasable","19":"product-type-variable","20":"has-default-attributes"},"yoast_head":"<!-- This site is optimized with the Yoast SEO plugin v24.2 - https:\/\/yoast.com\/wordpress\/plugins\/seo\/ -->\n<title>ECOLOGIC DECAF COFFEE | Compra Caf\u00e9 en Tienda Carambuco<\/title>\n<meta name=\"description\" content=\"Tienda Online Carambuco | Compra caf\u00e9 Carambuco. Excelente mezcla de caf\u00e9 ar\u00e1bica 100%. Tambi\u00e9n descafeinado. Seleccionados en origen y de procedencia ecol\u00f3gica. Env\u00edo Gratis a Peninsula.\" \/>\n<meta name=\"robots\" content=\"index, follow, max-snippet:-1, max-image-preview:large, max-video-preview:-1\" \/>\n<link rel=\"canonical\" href=\"https:\/\/carambuco.com\/tienda\/en\/producto\/cafe-en\/ecologic-decaf-coffee-2\/\" \/>\n<meta property=\"og:locale\" content=\"es_ES\" \/>\n<meta property=\"og:type\" content=\"article\" \/>\n<meta property=\"og:title\" content=\"ECOLOGIC DECAF COFFEE | Compra Caf\u00e9 en Tienda Carambuco\" \/>\n<meta property=\"og:description\" content=\"Tienda Online Carambuco | Compra caf\u00e9 Carambuco. Excelente mezcla de caf\u00e9 ar\u00e1bica 100%. Tambi\u00e9n descafeinado. Seleccionados en origen y de procedencia ecol\u00f3gica. Env\u00edo Gratis a Peninsula.\" \/>\n<meta property=\"og:url\" content=\"https:\/\/carambuco.com\/tienda\/en\/producto\/cafe-en\/ecologic-decaf-coffee-2\/\" \/>\n<meta property=\"og:site_name\" content=\"Tienda Caf\u00e9 Carambuco\" \/>\n<meta property=\"article:modified_time\" content=\"2025-08-06T09:13:58+00:00\" \/>\n<meta property=\"og:image\" content=\"https:\/\/carambuco.com\/tienda\/wp-content\/uploads\/2020\/04\/CAFE-ECOLOGICO-DESCAFEINADO-1.png\" \/>\n\t<meta property=\"og:image:width\" content=\"558\" \/>\n\t<meta property=\"og:image:height\" content=\"558\" \/>\n\t<meta property=\"og:image:type\" content=\"image\/png\" \/>\n<meta name=\"twitter:card\" content=\"summary_large_image\" \/>\n<meta name=\"twitter:label1\" content=\"Tiempo de lectura\" \/>\n\t<meta name=\"twitter:data1\" content=\"1 minuto\" \/>\n<script type=\"application\/ld+json\" class=\"yoast-schema-graph\">{\"@context\":\"https:\/\/schema.org\",\"@graph\":[{\"@type\":\"WebPage\",\"@id\":\"https:\/\/carambuco.com\/tienda\/en\/producto\/cafe-en\/ecologic-decaf-coffee-2\/\",\"url\":\"https:\/\/carambuco.com\/tienda\/en\/producto\/cafe-en\/ecologic-decaf-coffee-2\/\",\"name\":\"ECOLOGIC DECAF COFFEE | Compra Caf\u00e9 en Tienda Carambuco\",\"isPartOf\":{\"@id\":\"https:\/\/carambuco.com\/tienda\/#website\"},\"primaryImageOfPage\":{\"@id\":\"https:\/\/carambuco.com\/tienda\/en\/producto\/cafe-en\/ecologic-decaf-coffee-2\/#primaryimage\"},\"image\":{\"@id\":\"https:\/\/carambuco.com\/tienda\/en\/producto\/cafe-en\/ecologic-decaf-coffee-2\/#primaryimage\"},\"thumbnailUrl\":\"https:\/\/carambuco.com\/tienda\/wp-content\/uploads\/2020\/04\/CAFE-ECOLOGICO-DESCAFEINADO-1.png\",\"datePublished\":\"2022-10-08T19:28:57+00:00\",\"dateModified\":\"2025-08-06T09:13:58+00:00\",\"description\":\"Tienda Online Carambuco | Compra caf\u00e9 Carambuco. Excelente mezcla de caf\u00e9 ar\u00e1bica 100%. Tambi\u00e9n descafeinado. Seleccionados en origen y de procedencia ecol\u00f3gica. Env\u00edo Gratis a Peninsula.\",\"breadcrumb\":{\"@id\":\"https:\/\/carambuco.com\/tienda\/en\/producto\/cafe-en\/ecologic-decaf-coffee-2\/#breadcrumb\"},\"inLanguage\":\"es\",\"potentialAction\":[{\"@type\":\"ReadAction\",\"target\":[\"https:\/\/carambuco.com\/tienda\/en\/producto\/cafe-en\/ecologic-decaf-coffee-2\/\"]}]},{\"@type\":\"ImageObject\",\"inLanguage\":\"es\",\"@id\":\"https:\/\/carambuco.com\/tienda\/en\/producto\/cafe-en\/ecologic-decaf-coffee-2\/#primaryimage\",\"url\":\"https:\/\/carambuco.com\/tienda\/wp-content\/uploads\/2020\/04\/CAFE-ECOLOGICO-DESCAFEINADO-1.png\",\"contentUrl\":\"https:\/\/carambuco.com\/tienda\/wp-content\/uploads\/2020\/04\/CAFE-ECOLOGICO-DESCAFEINADO-1.png\",\"width\":558,\"height\":558},{\"@type\":\"BreadcrumbList\",\"@id\":\"https:\/\/carambuco.com\/tienda\/en\/producto\/cafe-en\/ecologic-decaf-coffee-2\/#breadcrumb\",\"itemListElement\":[{\"@type\":\"ListItem\",\"position\":1,\"name\":\"Portada\",\"item\":\"https:\/\/carambuco.com\/tienda\/\"},{\"@type\":\"ListItem\",\"position\":2,\"name\":\"La Tienda del caf\u00e9 &#8211; Todos los productos\",\"item\":\"https:\/\/carambuco.com\/tienda\/la-tienda-del-cafe\/\"},{\"@type\":\"ListItem\",\"position\":3,\"name\":\"ECOLOGIC DECAF COFFEE\"}]},{\"@type\":\"WebSite\",\"@id\":\"https:\/\/carambuco.com\/tienda\/#website\",\"url\":\"https:\/\/carambuco.com\/tienda\/\",\"name\":\"Tienda Caf\u00e9 Carambuco\",\"description\":\"Expertos en Caf\u00e9\",\"publisher\":{\"@id\":\"https:\/\/carambuco.com\/tienda\/#organization\"},\"potentialAction\":[{\"@type\":\"SearchAction\",\"target\":{\"@type\":\"EntryPoint\",\"urlTemplate\":\"https:\/\/carambuco.com\/tienda\/?s={search_term_string}\"},\"query-input\":{\"@type\":\"PropertyValueSpecification\",\"valueRequired\":true,\"valueName\":\"search_term_string\"}}],\"inLanguage\":\"es\"},{\"@type\":\"Organization\",\"@id\":\"https:\/\/carambuco.com\/tienda\/#organization\",\"name\":\"Caf\u00e9 Carambuco\",\"url\":\"https:\/\/carambuco.com\/tienda\/\",\"logo\":{\"@type\":\"ImageObject\",\"inLanguage\":\"es\",\"@id\":\"https:\/\/carambuco.com\/tienda\/#\/schema\/logo\/image\/\",\"url\":\"https:\/\/carambuco.com\/tienda\/wp-content\/uploads\/2020\/04\/cropped-logo-cafe-carambuco.png\",\"contentUrl\":\"https:\/\/carambuco.com\/tienda\/wp-content\/uploads\/2020\/04\/cropped-logo-cafe-carambuco.png\",\"width\":512,\"height\":512,\"caption\":\"Caf\u00e9 Carambuco\"},\"image\":{\"@id\":\"https:\/\/carambuco.com\/tienda\/#\/schema\/logo\/image\/\"}}]}<\/script>\n<!-- \/ Yoast SEO plugin. -->","yoast_head_json":{"title":"ECOLOGIC DECAF COFFEE | Compra Caf\u00e9 en Tienda Carambuco","description":"Tienda Online Carambuco | Compra caf\u00e9 Carambuco. Excelente mezcla de caf\u00e9 ar\u00e1bica 100%. Tambi\u00e9n descafeinado. Seleccionados en origen y de procedencia ecol\u00f3gica. Env\u00edo Gratis a Peninsula.","robots":{"index":"index","follow":"follow","max-snippet":"max-snippet:-1","max-image-preview":"max-image-preview:large","max-video-preview":"max-video-preview:-1"},"canonical":"https:\/\/carambuco.com\/tienda\/en\/producto\/cafe-en\/ecologic-decaf-coffee-2\/","og_locale":"es_ES","og_type":"article","og_title":"ECOLOGIC DECAF COFFEE | Compra Caf\u00e9 en Tienda Carambuco","og_description":"Tienda Online Carambuco | Compra caf\u00e9 Carambuco. Excelente mezcla de caf\u00e9 ar\u00e1bica 100%. Tambi\u00e9n descafeinado. Seleccionados en origen y de procedencia ecol\u00f3gica. Env\u00edo Gratis a Peninsula.","og_url":"https:\/\/carambuco.com\/tienda\/en\/producto\/cafe-en\/ecologic-decaf-coffee-2\/","og_site_name":"Tienda Caf\u00e9 Carambuco","article_modified_time":"2025-08-06T09:13:58+00:00","og_image":[{"width":558,"height":558,"url":"https:\/\/carambuco.com\/tienda\/wp-content\/uploads\/2020\/04\/CAFE-ECOLOGICO-DESCAFEINADO-1.png","type":"image\/png"}],"twitter_card":"summary_large_image","twitter_misc":{"Tiempo de lectura":"1 minuto"},"schema":{"@context":"https:\/\/schema.org","@graph":[{"@type":"WebPage","@id":"https:\/\/carambuco.com\/tienda\/en\/producto\/cafe-en\/ecologic-decaf-coffee-2\/","url":"https:\/\/carambuco.com\/tienda\/en\/producto\/cafe-en\/ecologic-decaf-coffee-2\/","name":"ECOLOGIC DECAF COFFEE | Compra Caf\u00e9 en Tienda Carambuco","isPartOf":{"@id":"https:\/\/carambuco.com\/tienda\/#website"},"primaryImageOfPage":{"@id":"https:\/\/carambuco.com\/tienda\/en\/producto\/cafe-en\/ecologic-decaf-coffee-2\/#primaryimage"},"image":{"@id":"https:\/\/carambuco.com\/tienda\/en\/producto\/cafe-en\/ecologic-decaf-coffee-2\/#primaryimage"},"thumbnailUrl":"https:\/\/carambuco.com\/tienda\/wp-content\/uploads\/2020\/04\/CAFE-ECOLOGICO-DESCAFEINADO-1.png","datePublished":"2022-10-08T19:28:57+00:00","dateModified":"2025-08-06T09:13:58+00:00","description":"Tienda Online Carambuco | Compra caf\u00e9 Carambuco. Excelente mezcla de caf\u00e9 ar\u00e1bica 100%. Tambi\u00e9n descafeinado. Seleccionados en origen y de procedencia ecol\u00f3gica. Env\u00edo Gratis a Peninsula.","breadcrumb":{"@id":"https:\/\/carambuco.com\/tienda\/en\/producto\/cafe-en\/ecologic-decaf-coffee-2\/#breadcrumb"},"inLanguage":"es","potentialAction":[{"@type":"ReadAction","target":["https:\/\/carambuco.com\/tienda\/en\/producto\/cafe-en\/ecologic-decaf-coffee-2\/"]}]},{"@type":"ImageObject","inLanguage":"es","@id":"https:\/\/carambuco.com\/tienda\/en\/producto\/cafe-en\/ecologic-decaf-coffee-2\/#primaryimage","url":"https:\/\/carambuco.com\/tienda\/wp-content\/uploads\/2020\/04\/CAFE-ECOLOGICO-DESCAFEINADO-1.png","contentUrl":"https:\/\/carambuco.com\/tienda\/wp-content\/uploads\/2020\/04\/CAFE-ECOLOGICO-DESCAFEINADO-1.png","width":558,"height":558},{"@type":"BreadcrumbList","@id":"https:\/\/carambuco.com\/tienda\/en\/producto\/cafe-en\/ecologic-decaf-coffee-2\/#breadcrumb","itemListElement":[{"@type":"ListItem","position":1,"name":"Portada","item":"https:\/\/carambuco.com\/tienda\/"},{"@type":"ListItem","position":2,"name":"La Tienda del caf\u00e9 &#8211; Todos los productos","item":"https:\/\/carambuco.com\/tienda\/la-tienda-del-cafe\/"},{"@type":"ListItem","position":3,"name":"ECOLOGIC DECAF COFFEE"}]},{"@type":"WebSite","@id":"https:\/\/carambuco.com\/tienda\/#website","url":"https:\/\/carambuco.com\/tienda\/","name":"Tienda Caf\u00e9 Carambuco","description":"Expertos en Caf\u00e9","publisher":{"@id":"https:\/\/carambuco.com\/tienda\/#organization"},"potentialAction":[{"@type":"SearchAction","target":{"@type":"EntryPoint","urlTemplate":"https:\/\/carambuco.com\/tienda\/?s={search_term_string}"},"query-input":{"@type":"PropertyValueSpecification","valueRequired":true,"valueName":"search_term_string"}}],"inLanguage":"es"},{"@type":"Organization","@id":"https:\/\/carambuco.com\/tienda\/#organization","name":"Caf\u00e9 Carambuco","url":"https:\/\/carambuco.com\/tienda\/","logo":{"@type":"ImageObject","inLanguage":"es","@id":"https:\/\/carambuco.com\/tienda\/#\/schema\/logo\/image\/","url":"https:\/\/carambuco.com\/tienda\/wp-content\/uploads\/2020\/04\/cropped-logo-cafe-carambuco.png","contentUrl":"https:\/\/carambuco.com\/tienda\/wp-content\/uploads\/2020\/04\/cropped-logo-cafe-carambuco.png","width":512,"height":512,"caption":"Caf\u00e9 Carambuco"},"image":{"@id":"https:\/\/carambuco.com\/tienda\/#\/schema\/logo\/image\/"}}]}},"_links":{"self":[{"href":"https:\/\/carambuco.com\/tienda\/wp-json\/wp\/v2\/product\/1859","targetHints":{"allow":["GET"]}}],"collection":[{"href":"https:\/\/carambuco.com\/tienda\/wp-json\/wp\/v2\/product"}],"about":[{"href":"https:\/\/carambuco.com\/tienda\/wp-json\/wp\/v2\/types\/product"}],"replies":[{"embeddable":true,"href":"https:\/\/carambuco.com\/tienda\/wp-json\/wp\/v2\/comments?post=1859"}],"version-history":[{"count":1,"href":"https:\/\/carambuco.com\/tienda\/wp-json\/wp\/v2\/product\/1859\/revisions"}],"predecessor-version":[{"id":1869,"href":"https:\/\/carambuco.com\/tienda\/wp-json\/wp\/v2\/product\/1859\/revisions\/1869"}],"wp:featuredmedia":[{"embeddable":true,"href":"https:\/\/carambuco.com\/tienda\/wp-json\/wp\/v2\/media\/671"}],"wp:attachment":[{"href":"https:\/\/carambuco.com\/tienda\/wp-json\/wp\/v2\/media?parent=1859"}],"wp:term":[{"taxonomy":"product_cat","embeddable":true,"href":"https:\/\/carambuco.com\/tienda\/wp-json\/wp\/v2\/product_cat?post=1859"},{"taxonomy":"product_tag","embeddable":true,"href":"https:\/\/carambuco.com\/tienda\/wp-json\/wp\/v2\/product_tag?post=1859"}],"curies":[{"name":"wp","href":"https:\/\/api.w.org\/{rel}","templated":true}]}}