{"id":1849,"date":"2022-10-08T19:23:00","date_gmt":"2022-10-08T19:23:00","guid":{"rendered":"https:\/\/carambuco.com\/tienda\/?post_type=product&#038;p=1849"},"modified":"2025-08-06T09:15:56","modified_gmt":"2025-08-06T09:15:56","slug":"ecologic-coffee-4","status":"publish","type":"product","link":"https:\/\/carambuco.com\/tienda\/en\/producto\/cafe-en\/ecologic-coffee-4\/","title":{"rendered":"ECOLOGIC COFFEE"},"content":{"rendered":"<p><span lang=\"EN-US\">Besides the most sophisticated and natural cultivation techniques, our ecological coffee is toasted in the most traditional way, controlling the temperature to keep its properties and aromas.<\/span><\/p>\n","protected":false},"excerpt":{"rendered":"<p class=\"Normal1\"><span lang=\"EN-US\">Cultivated with the most natural methods, with no chemicals and using the original production techniques.\u00a0<\/span>Traditional toasted.<\/p>\n","protected":false},"featured_media":676,"comment_status":"open","ping_status":"closed","template":"","meta":{"site-sidebar-layout":"default","site-content-layout":"default","ast-site-content-layout":"default","site-content-style":"default","site-sidebar-style":"default","ast-global-header-display":"","ast-banner-title-visibility":"","ast-main-header-display":"","ast-hfb-above-header-display":"","ast-hfb-below-header-display":"","ast-hfb-mobile-header-display":"","site-post-title":"","ast-breadcrumbs-content":"","ast-featured-img":"","footer-sml-layout":"","ast-disable-related-posts":"","theme-transparent-header-meta":"default","adv-header-id-meta":"","stick-header-meta":"","header-above-stick-meta":"","header-main-stick-meta":"","header-below-stick-meta":"","astra-migrate-meta-layouts":"set","ast-page-background-enabled":"default","ast-page-background-meta":{"desktop":{"background-color":"","background-image":"","background-repeat":"repeat","background-position":"center center","background-size":"auto","background-attachment":"scroll","background-type":"","background-media":"","overlay-type":"","overlay-color":"","overlay-opacity":"","overlay-gradient":""},"tablet":{"background-color":"","background-image":"","background-repeat":"repeat","background-position":"center center","background-size":"auto","background-attachment":"scroll","background-type":"","background-media":"","overlay-type":"","overlay-color":"","overlay-opacity":"","overlay-gradient":""},"mobile":{"background-color":"","background-image":"","background-repeat":"repeat","background-position":"center center","background-size":"auto","background-attachment":"scroll","background-type":"","background-media":"","overlay-type":"","overlay-color":"","overlay-opacity":"","overlay-gradient":""}},"ast-content-background-meta":{"desktop":{"background-color":"var(--ast-global-color-5)","background-image":"","background-repeat":"repeat","background-position":"center center","background-size":"auto","background-attachment":"scroll","background-type":"","background-media":"","overlay-type":"","overlay-color":"","overlay-opacity":"","overlay-gradient":""},"tablet":{"background-color":"var(--ast-global-color-5)","background-image":"","background-repeat":"repeat","background-position":"center center","background-size":"auto","background-attachment":"scroll","background-type":"","background-media":"","overlay-type":"","overlay-color":"","overlay-opacity":"","overlay-gradient":""},"mobile":{"background-color":"var(--ast-global-color-5)","background-image":"","background-repeat":"repeat","background-position":"center center","background-size":"auto","background-attachment":"scroll","background-type":"","background-media":"","overlay-type":"","overlay-color":"","overlay-opacity":"","overlay-gradient":""}}},"product_cat":[86,162],"product_tag":[],"class_list":{"0":"post-1849","1":"product","2":"type-product","3":"status-publish","4":"has-post-thumbnail","6":"product_cat-cafe-en","7":"product_cat-ecologic-coffee","8":"desktop-align-center","9":"tablet-align-left","10":"mobile-align-left","12":"first","13":"instock","14":"featured","15":"taxable","16":"shipping-taxable","17":"purchasable","18":"product-type-variable"},"yoast_head":"<!-- This site is optimized with the Yoast SEO plugin v24.2 - https:\/\/yoast.com\/wordpress\/plugins\/seo\/ -->\n<title>ECOLOGIC COFFEE | Compra Caf\u00e9 en Tienda Carambuco<\/title>\n<meta name=\"description\" content=\"Tienda Online Carambuco | Compra caf\u00e9 Carambuco. Excelente mezcla de caf\u00e9 ar\u00e1bica 100%. Tambi\u00e9n descafeinado. Seleccionados en origen y de procedencia ecol\u00f3gica. Env\u00edo Gratis a Peninsula.\" \/>\n<meta name=\"robots\" content=\"index, follow, max-snippet:-1, max-image-preview:large, max-video-preview:-1\" \/>\n<link rel=\"canonical\" href=\"https:\/\/carambuco.com\/tienda\/en\/producto\/cafe-en\/ecologic-coffee-4\/\" \/>\n<meta property=\"og:locale\" content=\"es_ES\" \/>\n<meta property=\"og:type\" content=\"article\" \/>\n<meta property=\"og:title\" content=\"ECOLOGIC COFFEE | Compra Caf\u00e9 en Tienda Carambuco\" \/>\n<meta property=\"og:description\" content=\"Tienda Online Carambuco | Compra caf\u00e9 Carambuco. Excelente mezcla de caf\u00e9 ar\u00e1bica 100%. Tambi\u00e9n descafeinado. Seleccionados en origen y de procedencia ecol\u00f3gica. Env\u00edo Gratis a Peninsula.\" \/>\n<meta property=\"og:url\" content=\"https:\/\/carambuco.com\/tienda\/en\/producto\/cafe-en\/ecologic-coffee-4\/\" \/>\n<meta property=\"og:site_name\" content=\"Tienda Caf\u00e9 Carambuco\" \/>\n<meta property=\"article:modified_time\" content=\"2025-08-06T09:15:56+00:00\" \/>\n<meta property=\"og:image\" content=\"https:\/\/carambuco.com\/tienda\/wp-content\/uploads\/2020\/04\/CAFEECOLOGICO-1.png\" \/>\n\t<meta property=\"og:image:width\" content=\"558\" \/>\n\t<meta property=\"og:image:height\" content=\"558\" \/>\n\t<meta property=\"og:image:type\" content=\"image\/png\" \/>\n<meta name=\"twitter:card\" content=\"summary_large_image\" \/>\n<meta name=\"twitter:label1\" content=\"Tiempo de lectura\" \/>\n\t<meta name=\"twitter:data1\" content=\"1 minuto\" \/>\n<script type=\"application\/ld+json\" class=\"yoast-schema-graph\">{\"@context\":\"https:\/\/schema.org\",\"@graph\":[{\"@type\":\"WebPage\",\"@id\":\"https:\/\/carambuco.com\/tienda\/en\/producto\/cafe-en\/ecologic-coffee-4\/\",\"url\":\"https:\/\/carambuco.com\/tienda\/en\/producto\/cafe-en\/ecologic-coffee-4\/\",\"name\":\"ECOLOGIC COFFEE | Compra Caf\u00e9 en Tienda Carambuco\",\"isPartOf\":{\"@id\":\"https:\/\/carambuco.com\/tienda\/#website\"},\"primaryImageOfPage\":{\"@id\":\"https:\/\/carambuco.com\/tienda\/en\/producto\/cafe-en\/ecologic-coffee-4\/#primaryimage\"},\"image\":{\"@id\":\"https:\/\/carambuco.com\/tienda\/en\/producto\/cafe-en\/ecologic-coffee-4\/#primaryimage\"},\"thumbnailUrl\":\"https:\/\/carambuco.com\/tienda\/wp-content\/uploads\/2020\/04\/CAFEECOLOGICO-1.png\",\"datePublished\":\"2022-10-08T19:23:00+00:00\",\"dateModified\":\"2025-08-06T09:15:56+00:00\",\"description\":\"Tienda Online Carambuco | Compra caf\u00e9 Carambuco. Excelente mezcla de caf\u00e9 ar\u00e1bica 100%. Tambi\u00e9n descafeinado. Seleccionados en origen y de procedencia ecol\u00f3gica. Env\u00edo Gratis a Peninsula.\",\"breadcrumb\":{\"@id\":\"https:\/\/carambuco.com\/tienda\/en\/producto\/cafe-en\/ecologic-coffee-4\/#breadcrumb\"},\"inLanguage\":\"es\",\"potentialAction\":[{\"@type\":\"ReadAction\",\"target\":[\"https:\/\/carambuco.com\/tienda\/en\/producto\/cafe-en\/ecologic-coffee-4\/\"]}]},{\"@type\":\"ImageObject\",\"inLanguage\":\"es\",\"@id\":\"https:\/\/carambuco.com\/tienda\/en\/producto\/cafe-en\/ecologic-coffee-4\/#primaryimage\",\"url\":\"https:\/\/carambuco.com\/tienda\/wp-content\/uploads\/2020\/04\/CAFEECOLOGICO-1.png\",\"contentUrl\":\"https:\/\/carambuco.com\/tienda\/wp-content\/uploads\/2020\/04\/CAFEECOLOGICO-1.png\",\"width\":558,\"height\":558},{\"@type\":\"BreadcrumbList\",\"@id\":\"https:\/\/carambuco.com\/tienda\/en\/producto\/cafe-en\/ecologic-coffee-4\/#breadcrumb\",\"itemListElement\":[{\"@type\":\"ListItem\",\"position\":1,\"name\":\"Portada\",\"item\":\"https:\/\/carambuco.com\/tienda\/\"},{\"@type\":\"ListItem\",\"position\":2,\"name\":\"La Tienda del caf\u00e9 &#8211; Todos los productos\",\"item\":\"https:\/\/carambuco.com\/tienda\/la-tienda-del-cafe\/\"},{\"@type\":\"ListItem\",\"position\":3,\"name\":\"ECOLOGIC COFFEE\"}]},{\"@type\":\"WebSite\",\"@id\":\"https:\/\/carambuco.com\/tienda\/#website\",\"url\":\"https:\/\/carambuco.com\/tienda\/\",\"name\":\"Tienda Caf\u00e9 Carambuco\",\"description\":\"Expertos en Caf\u00e9\",\"publisher\":{\"@id\":\"https:\/\/carambuco.com\/tienda\/#organization\"},\"potentialAction\":[{\"@type\":\"SearchAction\",\"target\":{\"@type\":\"EntryPoint\",\"urlTemplate\":\"https:\/\/carambuco.com\/tienda\/?s={search_term_string}\"},\"query-input\":{\"@type\":\"PropertyValueSpecification\",\"valueRequired\":true,\"valueName\":\"search_term_string\"}}],\"inLanguage\":\"es\"},{\"@type\":\"Organization\",\"@id\":\"https:\/\/carambuco.com\/tienda\/#organization\",\"name\":\"Caf\u00e9 Carambuco\",\"url\":\"https:\/\/carambuco.com\/tienda\/\",\"logo\":{\"@type\":\"ImageObject\",\"inLanguage\":\"es\",\"@id\":\"https:\/\/carambuco.com\/tienda\/#\/schema\/logo\/image\/\",\"url\":\"https:\/\/carambuco.com\/tienda\/wp-content\/uploads\/2020\/04\/cropped-logo-cafe-carambuco.png\",\"contentUrl\":\"https:\/\/carambuco.com\/tienda\/wp-content\/uploads\/2020\/04\/cropped-logo-cafe-carambuco.png\",\"width\":512,\"height\":512,\"caption\":\"Caf\u00e9 Carambuco\"},\"image\":{\"@id\":\"https:\/\/carambuco.com\/tienda\/#\/schema\/logo\/image\/\"}}]}<\/script>\n<!-- \/ Yoast SEO plugin. -->","yoast_head_json":{"title":"ECOLOGIC COFFEE | Compra Caf\u00e9 en Tienda Carambuco","description":"Tienda Online Carambuco | Compra caf\u00e9 Carambuco. Excelente mezcla de caf\u00e9 ar\u00e1bica 100%. Tambi\u00e9n descafeinado. Seleccionados en origen y de procedencia ecol\u00f3gica. Env\u00edo Gratis a Peninsula.","robots":{"index":"index","follow":"follow","max-snippet":"max-snippet:-1","max-image-preview":"max-image-preview:large","max-video-preview":"max-video-preview:-1"},"canonical":"https:\/\/carambuco.com\/tienda\/en\/producto\/cafe-en\/ecologic-coffee-4\/","og_locale":"es_ES","og_type":"article","og_title":"ECOLOGIC COFFEE | Compra Caf\u00e9 en Tienda Carambuco","og_description":"Tienda Online Carambuco | Compra caf\u00e9 Carambuco. Excelente mezcla de caf\u00e9 ar\u00e1bica 100%. Tambi\u00e9n descafeinado. Seleccionados en origen y de procedencia ecol\u00f3gica. Env\u00edo Gratis a Peninsula.","og_url":"https:\/\/carambuco.com\/tienda\/en\/producto\/cafe-en\/ecologic-coffee-4\/","og_site_name":"Tienda Caf\u00e9 Carambuco","article_modified_time":"2025-08-06T09:15:56+00:00","og_image":[{"width":558,"height":558,"url":"https:\/\/carambuco.com\/tienda\/wp-content\/uploads\/2020\/04\/CAFEECOLOGICO-1.png","type":"image\/png"}],"twitter_card":"summary_large_image","twitter_misc":{"Tiempo de lectura":"1 minuto"},"schema":{"@context":"https:\/\/schema.org","@graph":[{"@type":"WebPage","@id":"https:\/\/carambuco.com\/tienda\/en\/producto\/cafe-en\/ecologic-coffee-4\/","url":"https:\/\/carambuco.com\/tienda\/en\/producto\/cafe-en\/ecologic-coffee-4\/","name":"ECOLOGIC COFFEE | Compra Caf\u00e9 en Tienda Carambuco","isPartOf":{"@id":"https:\/\/carambuco.com\/tienda\/#website"},"primaryImageOfPage":{"@id":"https:\/\/carambuco.com\/tienda\/en\/producto\/cafe-en\/ecologic-coffee-4\/#primaryimage"},"image":{"@id":"https:\/\/carambuco.com\/tienda\/en\/producto\/cafe-en\/ecologic-coffee-4\/#primaryimage"},"thumbnailUrl":"https:\/\/carambuco.com\/tienda\/wp-content\/uploads\/2020\/04\/CAFEECOLOGICO-1.png","datePublished":"2022-10-08T19:23:00+00:00","dateModified":"2025-08-06T09:15:56+00:00","description":"Tienda Online Carambuco | Compra caf\u00e9 Carambuco. Excelente mezcla de caf\u00e9 ar\u00e1bica 100%. Tambi\u00e9n descafeinado. Seleccionados en origen y de procedencia ecol\u00f3gica. Env\u00edo Gratis a Peninsula.","breadcrumb":{"@id":"https:\/\/carambuco.com\/tienda\/en\/producto\/cafe-en\/ecologic-coffee-4\/#breadcrumb"},"inLanguage":"es","potentialAction":[{"@type":"ReadAction","target":["https:\/\/carambuco.com\/tienda\/en\/producto\/cafe-en\/ecologic-coffee-4\/"]}]},{"@type":"ImageObject","inLanguage":"es","@id":"https:\/\/carambuco.com\/tienda\/en\/producto\/cafe-en\/ecologic-coffee-4\/#primaryimage","url":"https:\/\/carambuco.com\/tienda\/wp-content\/uploads\/2020\/04\/CAFEECOLOGICO-1.png","contentUrl":"https:\/\/carambuco.com\/tienda\/wp-content\/uploads\/2020\/04\/CAFEECOLOGICO-1.png","width":558,"height":558},{"@type":"BreadcrumbList","@id":"https:\/\/carambuco.com\/tienda\/en\/producto\/cafe-en\/ecologic-coffee-4\/#breadcrumb","itemListElement":[{"@type":"ListItem","position":1,"name":"Portada","item":"https:\/\/carambuco.com\/tienda\/"},{"@type":"ListItem","position":2,"name":"La Tienda del caf\u00e9 &#8211; Todos los productos","item":"https:\/\/carambuco.com\/tienda\/la-tienda-del-cafe\/"},{"@type":"ListItem","position":3,"name":"ECOLOGIC COFFEE"}]},{"@type":"WebSite","@id":"https:\/\/carambuco.com\/tienda\/#website","url":"https:\/\/carambuco.com\/tienda\/","name":"Tienda Caf\u00e9 Carambuco","description":"Expertos en Caf\u00e9","publisher":{"@id":"https:\/\/carambuco.com\/tienda\/#organization"},"potentialAction":[{"@type":"SearchAction","target":{"@type":"EntryPoint","urlTemplate":"https:\/\/carambuco.com\/tienda\/?s={search_term_string}"},"query-input":{"@type":"PropertyValueSpecification","valueRequired":true,"valueName":"search_term_string"}}],"inLanguage":"es"},{"@type":"Organization","@id":"https:\/\/carambuco.com\/tienda\/#organization","name":"Caf\u00e9 Carambuco","url":"https:\/\/carambuco.com\/tienda\/","logo":{"@type":"ImageObject","inLanguage":"es","@id":"https:\/\/carambuco.com\/tienda\/#\/schema\/logo\/image\/","url":"https:\/\/carambuco.com\/tienda\/wp-content\/uploads\/2020\/04\/cropped-logo-cafe-carambuco.png","contentUrl":"https:\/\/carambuco.com\/tienda\/wp-content\/uploads\/2020\/04\/cropped-logo-cafe-carambuco.png","width":512,"height":512,"caption":"Caf\u00e9 Carambuco"},"image":{"@id":"https:\/\/carambuco.com\/tienda\/#\/schema\/logo\/image\/"}}]}},"_links":{"self":[{"href":"https:\/\/carambuco.com\/tienda\/wp-json\/wp\/v2\/product\/1849","targetHints":{"allow":["GET"]}}],"collection":[{"href":"https:\/\/carambuco.com\/tienda\/wp-json\/wp\/v2\/product"}],"about":[{"href":"https:\/\/carambuco.com\/tienda\/wp-json\/wp\/v2\/types\/product"}],"replies":[{"embeddable":true,"href":"https:\/\/carambuco.com\/tienda\/wp-json\/wp\/v2\/comments?post=1849"}],"version-history":[{"count":1,"href":"https:\/\/carambuco.com\/tienda\/wp-json\/wp\/v2\/product\/1849\/revisions"}],"predecessor-version":[{"id":1857,"href":"https:\/\/carambuco.com\/tienda\/wp-json\/wp\/v2\/product\/1849\/revisions\/1857"}],"wp:featuredmedia":[{"embeddable":true,"href":"https:\/\/carambuco.com\/tienda\/wp-json\/wp\/v2\/media\/676"}],"wp:attachment":[{"href":"https:\/\/carambuco.com\/tienda\/wp-json\/wp\/v2\/media?parent=1849"}],"wp:term":[{"taxonomy":"product_cat","embeddable":true,"href":"https:\/\/carambuco.com\/tienda\/wp-json\/wp\/v2\/product_cat?post=1849"},{"taxonomy":"product_tag","embeddable":true,"href":"https:\/\/carambuco.com\/tienda\/wp-json\/wp\/v2\/product_tag?post=1849"}],"curies":[{"name":"wp","href":"https:\/\/api.w.org\/{rel}","templated":true}]}}