{"id":738,"date":"2020-04-29T11:07:16","date_gmt":"2020-04-29T11:07:16","guid":{"rendered":"http:\/\/carambuco.com\/tienda\/?page_id=738"},"modified":"2021-01-04T07:44:09","modified_gmt":"2021-01-04T07:44:09","slug":"condiciones-de-la-compra","status":"publish","type":"page","link":"https:\/\/carambuco.com\/tienda\/condiciones-de-la-compra\/","title":{"rendered":"Condiciones de la Venta"},"content":{"rendered":"<h3 class=\"wp-block-heading\">1\u00ba- Para poder realizar compras en www.carambuco.com es necesario ser usuario registrado. REGISTRARSE<\/h3><p>Los datos que el cliente incorpore al formulario deben corresponder con la persona f\u00edsica o jur\u00eddica que solicita la incorporaci\u00f3n como usuario. A estos efectos el cliente garantiza que los datos incorporados al formulario responden con veracidad a la situaci\u00f3n real. En consecuencia el cliente responder\u00e1 ante CAF\u00c9S CARAMBUCO y terceros de cualesquiera perjuicios ocasionados como consecuencia del incumplimiento de las obligaciones asumidas en esta cl\u00e1usula. Una vez enviado el formulario de registro CAF\u00c9S CARAMBUCO le permitir\u00e1 el acceso como usuario registrado y podr\u00e1 realizar las compras que desee.<\/p><h3 class=\"wp-block-heading\">2\u00ba-ZONA GEOGRAFICA<\/h3><p>Actualmente est\u00e1 restringido a Espa\u00f1a peninsular y Baleares. Para otras zonas solicitar condiciones especiales a trav\u00e9s de tienda@carambuco.com.<\/p><h3 class=\"wp-block-heading\">3\u00ba-PEDIDO MINIMO<\/h3><p>No existe pedido m\u00ednimo.<\/p><h3 class=\"wp-block-heading\">4\u00ba- GASTOS DE ENV\u00cdO<\/h3><p> <strong>6 \u20ac IVA incluido por env\u00edo. Todos los pedidos superiores a 15 euros tendr\u00e1n GRATIS LOS GASTOS DE ENVIO.<\/strong><\/p><p>Los env\u00edos se har\u00e1n con CORREOS EXPRESS 24\/48 HORAS Se entrega en el domicilio del cliente (aproximadamente de 1 a 2 d\u00edas h\u00e1biles desde la entrega en la oficina de Correos). En caso de imposibilidad de la entrega, se deja un aviso para que el cliente pueda retirarlo en un plazo de 15 d\u00edas en la oficina de Correos m\u00e1s cercana.<\/p><h3 class=\"wp-block-heading\">5\u00ba- FORMAS DE PAGO:<\/h3><ul class=\"wp-block-list\"><li><strong>TARJETA DE CREDITO O DEBITO: CAF\u00c9S CARAMBUCO <\/strong>dispone de pasarela de pago seguro con Banco de Ibercaja que permite utilizar la mayor parte de las tarjetas en uso. El cliente deber\u00e1 proporcionar los datos que el Banco le solicite, \u00e9stos viajar\u00e1n encriptados bajo el protocolo SSL (Secure Socket Layer) para garantizar la m\u00e1xima seguridad. CAF\u00c9S CARAMBUCO no tendr\u00e1 acceso a esos datos. Solamente son conocidos por el Banco. &#8211; En el supuesto de no poderle servir alguno de los productos por Ud. seleccionados y pagados, se le reembolsar\u00e1 el importe correspondiente en su cuenta, mediante la misma forma de pago que Ud. haya utilizado, en un plazo inferior a 48 horas (2 d\u00edas h\u00e1biles).<\/li><\/ul><h3 class=\"wp-block-heading\">6\u00ba-PLAZO DE ENTREGA<\/h3><p>Una vez tengamos constancia del pago realizado se despachar\u00e1 el pedido en los tres d\u00edas h\u00e1biles siguientes, y nunca m\u00e1s de 30 d\u00edas en el caso de rotura excepcional de stock o causa mayor.<\/p><h3 class=\"wp-block-heading\">7\u00ba-CAMBIOS Y DEVOLUCIONES: <\/h3><p>CAF\u00c9S CARAMBUCO: Se compromete a realizar cambios y devoluciones sin necesidad de explicar el motivo en un plazo de 15 d\u00edas posteriores a la recepci\u00f3n del pedido, excepto en productos alimenticios (salvo mal estado de los mismos). Los gastos de la mercanc\u00eda devuelta y de la reposici\u00f3n del producto si la hubiera, siempre ir\u00e1n a cargo del comprador. CAF\u00c9S CARAMBUCO no aceptar\u00e1 ninguna mercanc\u00eda a portes debidos. Estos cambios o devoluciones se notificar\u00e1n previamente a la direcci\u00f3n tienda@carambuco.com<\/p><h3 class=\"wp-block-heading\">8\u00ba- RECLAMACIONES <\/h3><p>Si ante cualquier problema que surgiera en la relaci\u00f3n comercial no se pudiera solucionar por parte de CAF\u00c9S CARAMBUCO en los 20 d\u00edas siguientes a la notificaci\u00f3n por parte del usuario, En el caso de no llegar a un acuerdo de resoluci\u00f3n, ambas partes se acoger\u00e1n , con renuncia a cualquier otro fuero que les corresponda, a la Junta Arbitral de Consumo de M\u00c1LAGA, oblig\u00e1ndose a cumplir el correspondiente laudo arbitral que la Junta dicte. En el caso que el laudo dictado fuera nulo, ambas partes se someter\u00e1n a los Juzgados y Tribunales de M\u00e1laga, con renuncia expresa a su propio fuero, si este fuese distinto.<\/p><p><\/p><p><strong>DATOS FISCALES<br>GENERAL DE ALIMENTACION ALMIX SL<br>CIF: B29435344<\/strong><\/p><p><\/p>","protected":false},"excerpt":{"rendered":"<p>1\u00ba- Para poder realizar compras en www.carambuco.com es necesario ser usuario registrado. REGISTRARSE Los datos que el cliente incorpore al formulario deben corresponder con la persona f\u00edsica o jur\u00eddica que solicita la incorporaci\u00f3n como usuario. A estos efectos el cliente garantiza que los datos incorporados al formulario responden con veracidad a la situaci\u00f3n real. En [&hellip;]<\/p>\n","protected":false},"author":1,"featured_media":0,"parent":0,"menu_order":0,"comment_status":"closed","ping_status":"closed","template":"","meta":{"site-sidebar-layout":"default","site-content-layout":"default","ast-site-content-layout":"default","site-content-style":"default","site-sidebar-style":"default","ast-global-header-display":"","ast-banner-title-visibility":"","ast-main-header-display":"","ast-hfb-above-header-display":"","ast-hfb-below-header-display":"","ast-hfb-mobile-header-display":"","site-post-title":"","ast-breadcrumbs-content":"","ast-featured-img":"","footer-sml-layout":"","ast-disable-related-posts":"","theme-transparent-header-meta":"default","adv-header-id-meta":"","stick-header-meta":"","header-above-stick-meta":"","header-main-stick-meta":"","header-below-stick-meta":"","astra-migrate-meta-layouts":"default","ast-page-background-enabled":"default","ast-page-background-meta":{"desktop":{"background-color":"","background-image":"","background-repeat":"repeat","background-position":"center center","background-size":"auto","background-attachment":"scroll","background-type":"","background-media":"","overlay-type":"","overlay-color":"","overlay-opacity":"","overlay-gradient":""},"tablet":{"background-color":"","background-image":"","background-repeat":"repeat","background-position":"center center","background-size":"auto","background-attachment":"scroll","background-type":"","background-media":"","overlay-type":"","overlay-color":"","overlay-opacity":"","overlay-gradient":""},"mobile":{"background-color":"","background-image":"","background-repeat":"repeat","background-position":"center center","background-size":"auto","background-attachment":"scroll","background-type":"","background-media":"","overlay-type":"","overlay-color":"","overlay-opacity":"","overlay-gradient":""}},"ast-content-background-meta":{"desktop":{"background-color":"var(--ast-global-color-5)","background-image":"","background-repeat":"repeat","background-position":"center center","background-size":"auto","background-attachment":"scroll","background-type":"","background-media":"","overlay-type":"","overlay-color":"","overlay-opacity":"","overlay-gradient":""},"tablet":{"background-color":"var(--ast-global-color-5)","background-image":"","background-repeat":"repeat","background-position":"center center","background-size":"auto","background-attachment":"scroll","background-type":"","background-media":"","overlay-type":"","overlay-color":"","overlay-opacity":"","overlay-gradient":""},"mobile":{"background-color":"var(--ast-global-color-5)","background-image":"","background-repeat":"repeat","background-position":"center center","background-size":"auto","background-attachment":"scroll","background-type":"","background-media":"","overlay-type":"","overlay-color":"","overlay-opacity":"","overlay-gradient":""}},"footnotes":""},"class_list":["post-738","page","type-page","status-publish","hentry"],"yoast_head":"<!-- This site is optimized with the Yoast SEO plugin v24.2 - https:\/\/yoast.com\/wordpress\/plugins\/seo\/ -->\n<title>Condiciones de la Venta | Tienda Online Carambuco<\/title>\n<meta name=\"description\" content=\"Tienda Online Carambuco | Compra caf\u00e9 Carambuco. Excelente mezcla de caf\u00e9 ar\u00e1bica 100%. Tambi\u00e9n descafeinado. Seleccionados en origen y de procedencia ecol\u00f3gica. Env\u00edo Gratis a Peninsula.\" \/>\n<meta name=\"robots\" content=\"index, follow, max-snippet:-1, max-image-preview:large, max-video-preview:-1\" \/>\n<link rel=\"canonical\" href=\"https:\/\/carambuco.com\/tienda\/condiciones-de-la-compra\/\" \/>\n<meta property=\"og:locale\" content=\"es_ES\" \/>\n<meta property=\"og:type\" content=\"article\" \/>\n<meta property=\"og:title\" content=\"Condiciones de la Venta | Tienda Online Carambuco\" \/>\n<meta property=\"og:description\" content=\"Tienda Online Carambuco | Compra caf\u00e9 Carambuco. Excelente mezcla de caf\u00e9 ar\u00e1bica 100%. Tambi\u00e9n descafeinado. Seleccionados en origen y de procedencia ecol\u00f3gica. Env\u00edo Gratis a Peninsula.\" \/>\n<meta property=\"og:url\" content=\"https:\/\/carambuco.com\/tienda\/condiciones-de-la-compra\/\" \/>\n<meta property=\"og:site_name\" content=\"Tienda Caf\u00e9 Carambuco\" \/>\n<meta property=\"article:modified_time\" content=\"2021-01-04T07:44:09+00:00\" \/>\n<meta name=\"twitter:card\" content=\"summary_large_image\" \/>\n<meta name=\"twitter:label1\" content=\"Tiempo de lectura\" \/>\n\t<meta name=\"twitter:data1\" content=\"3 minutos\" \/>\n<script type=\"application\/ld+json\" class=\"yoast-schema-graph\">{\"@context\":\"https:\/\/schema.org\",\"@graph\":[{\"@type\":\"WebPage\",\"@id\":\"https:\/\/carambuco.com\/tienda\/condiciones-de-la-compra\/\",\"url\":\"https:\/\/carambuco.com\/tienda\/condiciones-de-la-compra\/\",\"name\":\"Condiciones de la Venta | Tienda Online Carambuco\",\"isPartOf\":{\"@id\":\"https:\/\/carambuco.com\/tienda\/#website\"},\"datePublished\":\"2020-04-29T11:07:16+00:00\",\"dateModified\":\"2021-01-04T07:44:09+00:00\",\"description\":\"Tienda Online Carambuco | Compra caf\u00e9 Carambuco. Excelente mezcla de caf\u00e9 ar\u00e1bica 100%. Tambi\u00e9n descafeinado. Seleccionados en origen y de procedencia ecol\u00f3gica. Env\u00edo Gratis a Peninsula.\",\"breadcrumb\":{\"@id\":\"https:\/\/carambuco.com\/tienda\/condiciones-de-la-compra\/#breadcrumb\"},\"inLanguage\":\"es\",\"potentialAction\":[{\"@type\":\"ReadAction\",\"target\":[\"https:\/\/carambuco.com\/tienda\/condiciones-de-la-compra\/\"]}]},{\"@type\":\"BreadcrumbList\",\"@id\":\"https:\/\/carambuco.com\/tienda\/condiciones-de-la-compra\/#breadcrumb\",\"itemListElement\":[{\"@type\":\"ListItem\",\"position\":1,\"name\":\"Portada\",\"item\":\"https:\/\/carambuco.com\/tienda\/\"},{\"@type\":\"ListItem\",\"position\":2,\"name\":\"Condiciones de la Venta\"}]},{\"@type\":\"WebSite\",\"@id\":\"https:\/\/carambuco.com\/tienda\/#website\",\"url\":\"https:\/\/carambuco.com\/tienda\/\",\"name\":\"Tienda Caf\u00e9 Carambuco\",\"description\":\"Expertos en Caf\u00e9\",\"publisher\":{\"@id\":\"https:\/\/carambuco.com\/tienda\/#organization\"},\"potentialAction\":[{\"@type\":\"SearchAction\",\"target\":{\"@type\":\"EntryPoint\",\"urlTemplate\":\"https:\/\/carambuco.com\/tienda\/?s={search_term_string}\"},\"query-input\":{\"@type\":\"PropertyValueSpecification\",\"valueRequired\":true,\"valueName\":\"search_term_string\"}}],\"inLanguage\":\"es\"},{\"@type\":\"Organization\",\"@id\":\"https:\/\/carambuco.com\/tienda\/#organization\",\"name\":\"Caf\u00e9 Carambuco\",\"url\":\"https:\/\/carambuco.com\/tienda\/\",\"logo\":{\"@type\":\"ImageObject\",\"inLanguage\":\"es\",\"@id\":\"https:\/\/carambuco.com\/tienda\/#\/schema\/logo\/image\/\",\"url\":\"https:\/\/carambuco.com\/tienda\/wp-content\/uploads\/2020\/04\/cropped-logo-cafe-carambuco.png\",\"contentUrl\":\"https:\/\/carambuco.com\/tienda\/wp-content\/uploads\/2020\/04\/cropped-logo-cafe-carambuco.png\",\"width\":512,\"height\":512,\"caption\":\"Caf\u00e9 Carambuco\"},\"image\":{\"@id\":\"https:\/\/carambuco.com\/tienda\/#\/schema\/logo\/image\/\"}}]}<\/script>\n<!-- \/ Yoast SEO plugin. -->","yoast_head_json":{"title":"Condiciones de la Venta | Tienda Online Carambuco","description":"Tienda Online Carambuco | Compra caf\u00e9 Carambuco. Excelente mezcla de caf\u00e9 ar\u00e1bica 100%. Tambi\u00e9n descafeinado. Seleccionados en origen y de procedencia ecol\u00f3gica. Env\u00edo Gratis a Peninsula.","robots":{"index":"index","follow":"follow","max-snippet":"max-snippet:-1","max-image-preview":"max-image-preview:large","max-video-preview":"max-video-preview:-1"},"canonical":"https:\/\/carambuco.com\/tienda\/condiciones-de-la-compra\/","og_locale":"es_ES","og_type":"article","og_title":"Condiciones de la Venta | Tienda Online Carambuco","og_description":"Tienda Online Carambuco | Compra caf\u00e9 Carambuco. Excelente mezcla de caf\u00e9 ar\u00e1bica 100%. Tambi\u00e9n descafeinado. Seleccionados en origen y de procedencia ecol\u00f3gica. Env\u00edo Gratis a Peninsula.","og_url":"https:\/\/carambuco.com\/tienda\/condiciones-de-la-compra\/","og_site_name":"Tienda Caf\u00e9 Carambuco","article_modified_time":"2021-01-04T07:44:09+00:00","twitter_card":"summary_large_image","twitter_misc":{"Tiempo de lectura":"3 minutos"},"schema":{"@context":"https:\/\/schema.org","@graph":[{"@type":"WebPage","@id":"https:\/\/carambuco.com\/tienda\/condiciones-de-la-compra\/","url":"https:\/\/carambuco.com\/tienda\/condiciones-de-la-compra\/","name":"Condiciones de la Venta | Tienda Online Carambuco","isPartOf":{"@id":"https:\/\/carambuco.com\/tienda\/#website"},"datePublished":"2020-04-29T11:07:16+00:00","dateModified":"2021-01-04T07:44:09+00:00","description":"Tienda Online Carambuco | Compra caf\u00e9 Carambuco. Excelente mezcla de caf\u00e9 ar\u00e1bica 100%. Tambi\u00e9n descafeinado. Seleccionados en origen y de procedencia ecol\u00f3gica. Env\u00edo Gratis a Peninsula.","breadcrumb":{"@id":"https:\/\/carambuco.com\/tienda\/condiciones-de-la-compra\/#breadcrumb"},"inLanguage":"es","potentialAction":[{"@type":"ReadAction","target":["https:\/\/carambuco.com\/tienda\/condiciones-de-la-compra\/"]}]},{"@type":"BreadcrumbList","@id":"https:\/\/carambuco.com\/tienda\/condiciones-de-la-compra\/#breadcrumb","itemListElement":[{"@type":"ListItem","position":1,"name":"Portada","item":"https:\/\/carambuco.com\/tienda\/"},{"@type":"ListItem","position":2,"name":"Condiciones de la Venta"}]},{"@type":"WebSite","@id":"https:\/\/carambuco.com\/tienda\/#website","url":"https:\/\/carambuco.com\/tienda\/","name":"Tienda Caf\u00e9 Carambuco","description":"Expertos en Caf\u00e9","publisher":{"@id":"https:\/\/carambuco.com\/tienda\/#organization"},"potentialAction":[{"@type":"SearchAction","target":{"@type":"EntryPoint","urlTemplate":"https:\/\/carambuco.com\/tienda\/?s={search_term_string}"},"query-input":{"@type":"PropertyValueSpecification","valueRequired":true,"valueName":"search_term_string"}}],"inLanguage":"es"},{"@type":"Organization","@id":"https:\/\/carambuco.com\/tienda\/#organization","name":"Caf\u00e9 Carambuco","url":"https:\/\/carambuco.com\/tienda\/","logo":{"@type":"ImageObject","inLanguage":"es","@id":"https:\/\/carambuco.com\/tienda\/#\/schema\/logo\/image\/","url":"https:\/\/carambuco.com\/tienda\/wp-content\/uploads\/2020\/04\/cropped-logo-cafe-carambuco.png","contentUrl":"https:\/\/carambuco.com\/tienda\/wp-content\/uploads\/2020\/04\/cropped-logo-cafe-carambuco.png","width":512,"height":512,"caption":"Caf\u00e9 Carambuco"},"image":{"@id":"https:\/\/carambuco.com\/tienda\/#\/schema\/logo\/image\/"}}]}},"_links":{"self":[{"href":"https:\/\/carambuco.com\/tienda\/wp-json\/wp\/v2\/pages\/738","targetHints":{"allow":["GET"]}}],"collection":[{"href":"https:\/\/carambuco.com\/tienda\/wp-json\/wp\/v2\/pages"}],"about":[{"href":"https:\/\/carambuco.com\/tienda\/wp-json\/wp\/v2\/types\/page"}],"author":[{"embeddable":true,"href":"https:\/\/carambuco.com\/tienda\/wp-json\/wp\/v2\/users\/1"}],"replies":[{"embeddable":true,"href":"https:\/\/carambuco.com\/tienda\/wp-json\/wp\/v2\/comments?post=738"}],"version-history":[{"count":7,"href":"https:\/\/carambuco.com\/tienda\/wp-json\/wp\/v2\/pages\/738\/revisions"}],"predecessor-version":[{"id":1111,"href":"https:\/\/carambuco.com\/tienda\/wp-json\/wp\/v2\/pages\/738\/revisions\/1111"}],"wp:attachment":[{"href":"https:\/\/carambuco.com\/tienda\/wp-json\/wp\/v2\/media?parent=738"}],"curies":[{"name":"wp","href":"https:\/\/api.w.org\/{rel}","templated":true}]}}