{"id":121,"date":"2020-04-21T16:09:30","date_gmt":"2020-04-21T16:09:30","guid":{"rendered":"http:\/\/carambuco.com\/tienda\/?page_id=121"},"modified":"2020-04-22T19:31:18","modified_gmt":"2020-04-22T19:31:18","slug":"politica-de-calidad","status":"publish","type":"page","link":"https:\/\/carambuco.com\/tienda\/politica-de-calidad\/","title":{"rendered":"Pol\u00edtica de Calidad"},"content":{"rendered":"<p><strong>GENERAL DE ALIMENTACI\u00d3N ALMIX S.L.,<\/strong>&nbsp;es una empresa dedicada al&nbsp;Tueste y envasado de Caf\u00e9 y Envasado de Az\u00facar,&nbsp;actualmente, la clave de nuestro \u00e9xito radica en nuestro personal, en la materia prima de calidad que adquirimos y en la experiencia en el sector. A trav\u00e9s de nuestras investigaciones hemos logrado un producto perfecto, equilibrado y con un bouquet inigualable.<\/p><p>La calidad en&nbsp;ALMIX&nbsp;es, ante todo, nuestro esfuerzo diario: La producci\u00f3n es controlada por expertos t\u00e9cnicos que conocen el proceso de tueste a la perfecci\u00f3n, el servicio a nuestros clientes es llevado a cabo por nuestra red de ventas con cualificados profesionales, la distribuci\u00f3n se realiza con flota propia que garantiza una organizaci\u00f3n precisa y planificada para dar el mejor resultado y agilidad a sus pedidos.<\/p><p>ALMIX&nbsp;en su apuesta de&nbsp;Mejora Continua, ha apostado por incluir la&nbsp;calidad estandarizada en sus procesos, encaminada esta acci\u00f3n a establecer un marco de di\u00e1logo con nuestros clientes y proveedores, mejorar nuestros sistemas de trabajo y consecuentemente lograr la satisfacci\u00f3n de nuestros clientes. Para ello, hemos implantado un Sistema de Gesti\u00f3n basado en la norma UNE EN ISO 9001.<\/p><h2 class=\"wp-block-heading\"><strong>Nuestra Misi\u00f3n&nbsp;<\/strong><\/h2><p>Suministrar a nuestros clientes caf\u00e9s elaborados con las m\u00e1ximas garant\u00edas de calidad y que satisfagan plenamente sus requerimientos y expectativas.<\/p><h2 class=\"wp-block-heading\"><strong>Nuestro Compromiso<\/strong><\/h2><p>Para alcanzar nuestro prop\u00f3sito, hemos establecido los siguientes principios de funcionamiento, sobre los que gira nuestro Sistema de Gesti\u00f3n:<\/p><ul class=\"wp-block-list\"><li>Asumir como propias las necesidades y expectativas de nuestros clientes.<\/li><li>Dar conformidad a los requisitos legales.<\/li><li>Suministrar con eficiencia los productos y servicios demandados en base a criterios de Seguridad Alimentaria, Higiene e Innovacio\u0301n.<\/li><li>Dialogar con nuestros clientes, personal y proveedores, para detectar oportunidades de mejora de nuestros procesos y productos.<\/li><li>Investigar y actuar sobre las causas de los problemas detectados para prevenir y evitar su repeticio\u0301n.<\/li><\/ul><h2 class=\"wp-block-heading\"><strong>Nuestros Objetivos:<\/strong><\/h2><h4 class=\"wp-block-heading\">La decidida vinculaci\u00f3n de la Direcci\u00f3n en el mantenimiento y superaci\u00f3n de los niveles de aceptaci\u00f3n de nuestros productos es un imperativo de los objetivos a alcanzar.<\/h4><h2 class=\"wp-block-heading\">Estos objetivos son los siguientes:<\/h2><ul class=\"wp-block-list\"><li>Crear y mantener unas pautas de comportamiento que aseguren la mejora continua de nuestros procesos de elaboraci\u00f3n y nuestros productos.<\/li><li>Conseguir y mantener el nivel adecuado de preparaci\u00f3n t\u00e9cnica del personal mediante la formaci\u00f3n continua.<\/li><\/ul><p>Todas las personas que trabajamos en&nbsp;<strong>GENERAL DE ALIMENTACI\u00d3N ALMIX S.L.&nbsp;<\/strong>somos los responsables de la calidad de nuestro trabajo y de nuestro producto. La Direcci\u00f3n se compromete a ser la primera en cumplir las disposiciones recogidas en nuestro Sistema de Gesti\u00f3n, as\u00ed como velar por el cumplimiento de las mismas.Esta Pol\u00edtica de Calidad es entendida, implantada y mantenida al d\u00eda en todos los niveles de la organizaci\u00f3n y cuenta con el TOTAL COMPROMISO de la Direcci\u00f3n.<\/p><div style=\"height:21px\" aria-hidden=\"true\" class=\"wp-block-spacer\"><\/div><div class=\"wp-block-columns is-layout-flex wp-container-core-columns-is-layout-1 wp-block-columns-is-layout-flex\"><div class=\"wp-block-column is-vertically-aligned-center is-layout-flow wp-block-column-is-layout-flow\" style=\"flex-basis:2%\"><\/div>\n\n<div class=\"wp-block-column is-layout-flow wp-block-column-is-layout-flow\"><div class=\"wp-block-image\"><figure class=\"aligncenter size-full\"><a href=\"https:\/\/carambuco.com\/wp-content\/uploads\/2019\/07\/CERTIFICACION-IS0.pdf\" target=\"_blank\" rel=\"noopener noreferrer\"><img fetchpriority=\"high\" decoding=\"async\" width=\"404\" height=\"186\" src=\"http:\/\/carambuco.com\/tienda\/wp-content\/uploads\/2020\/04\/pngflow.com@2x.png\" alt=\"\" class=\"wp-image-119\" srcset=\"https:\/\/carambuco.com\/tienda\/wp-content\/uploads\/2020\/04\/pngflow.com@2x.png 404w, https:\/\/carambuco.com\/tienda\/wp-content\/uploads\/2020\/04\/pngflow.com@2x-300x138.png 300w\" sizes=\"(max-width: 404px) 100vw, 404px\" \/><\/a><figcaption>ISO 9001:2015<\/figcaption><\/figure><\/div><\/div>\n\n<div class=\"wp-block-column is-vertically-aligned-center is-layout-flow wp-block-column-is-layout-flow\"><div class=\"wp-block-image\"><figure class=\"aligncenter size-full\"><a href=\"https:\/\/carambuco.com\/wp-content\/uploads\/2019\/07\/CERTIFICADO.pdf\" target=\"_blank\" rel=\"noopener noreferrer\"><img fetchpriority=\"high\" decoding=\"async\" width=\"404\" height=\"186\" src=\"http:\/\/carambuco.com\/tienda\/wp-content\/uploads\/2020\/04\/pngflow.com@2x.png\" alt=\"\" class=\"wp-image-119\" srcset=\"https:\/\/carambuco.com\/tienda\/wp-content\/uploads\/2020\/04\/pngflow.com@2x.png 404w, https:\/\/carambuco.com\/tienda\/wp-content\/uploads\/2020\/04\/pngflow.com@2x-300x138.png 300w\" sizes=\"(max-width: 404px) 100vw, 404px\" \/><\/a><figcaption>Certificado ES077672-3 <\/figcaption><\/figure><\/div><\/div>\n\n<div class=\"wp-block-column is-vertically-aligned-center is-layout-flow wp-block-column-is-layout-flow\" style=\"flex-basis:2%\"><\/div><\/div><p><\/p>","protected":false},"excerpt":{"rendered":"<p>GENERAL DE ALIMENTACI\u00d3N ALMIX S.L.,&nbsp;es una empresa dedicada al&nbsp;Tueste y envasado de Caf\u00e9 y Envasado de Az\u00facar,&nbsp;actualmente, la clave de nuestro \u00e9xito radica en nuestro personal, en la materia prima de calidad que adquirimos y en la experiencia en el sector. A trav\u00e9s de nuestras investigaciones hemos logrado un producto perfecto, equilibrado y con un [&hellip;]<\/p>\n","protected":false},"author":1,"featured_media":0,"parent":0,"menu_order":0,"comment_status":"closed","ping_status":"closed","template":"","meta":{"site-sidebar-layout":"default","site-content-layout":"default","ast-site-content-layout":"default","site-content-style":"default","site-sidebar-style":"default","ast-global-header-display":"","ast-banner-title-visibility":"","ast-main-header-display":"","ast-hfb-above-header-display":"","ast-hfb-below-header-display":"","ast-hfb-mobile-header-display":"","site-post-title":"","ast-breadcrumbs-content":"","ast-featured-img":"","footer-sml-layout":"","ast-disable-related-posts":"","theme-transparent-header-meta":"default","adv-header-id-meta":"","stick-header-meta":"","header-above-stick-meta":"","header-main-stick-meta":"","header-below-stick-meta":"","astra-migrate-meta-layouts":"default","ast-page-background-enabled":"default","ast-page-background-meta":{"desktop":{"background-color":"","background-image":"","background-repeat":"repeat","background-position":"center center","background-size":"auto","background-attachment":"scroll","background-type":"","background-media":"","overlay-type":"","overlay-color":"","overlay-opacity":"","overlay-gradient":""},"tablet":{"background-color":"","background-image":"","background-repeat":"repeat","background-position":"center center","background-size":"auto","background-attachment":"scroll","background-type":"","background-media":"","overlay-type":"","overlay-color":"","overlay-opacity":"","overlay-gradient":""},"mobile":{"background-color":"","background-image":"","background-repeat":"repeat","background-position":"center center","background-size":"auto","background-attachment":"scroll","background-type":"","background-media":"","overlay-type":"","overlay-color":"","overlay-opacity":"","overlay-gradient":""}},"ast-content-background-meta":{"desktop":{"background-color":"var(--ast-global-color-5)","background-image":"","background-repeat":"repeat","background-position":"center center","background-size":"auto","background-attachment":"scroll","background-type":"","background-media":"","overlay-type":"","overlay-color":"","overlay-opacity":"","overlay-gradient":""},"tablet":{"background-color":"var(--ast-global-color-5)","background-image":"","background-repeat":"repeat","background-position":"center center","background-size":"auto","background-attachment":"scroll","background-type":"","background-media":"","overlay-type":"","overlay-color":"","overlay-opacity":"","overlay-gradient":""},"mobile":{"background-color":"var(--ast-global-color-5)","background-image":"","background-repeat":"repeat","background-position":"center center","background-size":"auto","background-attachment":"scroll","background-type":"","background-media":"","overlay-type":"","overlay-color":"","overlay-opacity":"","overlay-gradient":""}},"footnotes":""},"class_list":["post-121","page","type-page","status-publish","hentry"],"yoast_head":"<!-- This site is optimized with the Yoast SEO plugin v24.2 - https:\/\/yoast.com\/wordpress\/plugins\/seo\/ -->\n<title>Pol\u00edtica de Calidad | Tienda Online Carambuco<\/title>\n<meta name=\"description\" content=\"Tienda Online Carambuco | Compra caf\u00e9 Carambuco. Excelente mezcla de caf\u00e9 ar\u00e1bica 100%. Tambi\u00e9n descafeinado. Seleccionados en origen y de procedencia ecol\u00f3gica. Env\u00edo Gratis a Peninsula.\" \/>\n<meta name=\"robots\" content=\"index, follow, max-snippet:-1, max-image-preview:large, max-video-preview:-1\" \/>\n<link rel=\"canonical\" href=\"https:\/\/carambuco.com\/tienda\/politica-de-calidad\/\" \/>\n<meta property=\"og:locale\" content=\"es_ES\" \/>\n<meta property=\"og:type\" content=\"article\" \/>\n<meta property=\"og:title\" content=\"Pol\u00edtica de Calidad | Tienda Online Carambuco\" \/>\n<meta property=\"og:description\" content=\"Tienda Online Carambuco | Compra caf\u00e9 Carambuco. Excelente mezcla de caf\u00e9 ar\u00e1bica 100%. Tambi\u00e9n descafeinado. Seleccionados en origen y de procedencia ecol\u00f3gica. Env\u00edo Gratis a Peninsula.\" \/>\n<meta property=\"og:url\" content=\"https:\/\/carambuco.com\/tienda\/politica-de-calidad\/\" \/>\n<meta property=\"og:site_name\" content=\"Tienda Caf\u00e9 Carambuco\" \/>\n<meta property=\"article:modified_time\" content=\"2020-04-22T19:31:18+00:00\" \/>\n<meta property=\"og:image\" content=\"http:\/\/carambuco.com\/tienda\/wp-content\/uploads\/2020\/04\/pngflow.com@2x.png\" \/>\n<meta name=\"twitter:card\" content=\"summary_large_image\" \/>\n<meta name=\"twitter:label1\" content=\"Tiempo de lectura\" \/>\n\t<meta name=\"twitter:data1\" content=\"2 minutos\" \/>\n<script type=\"application\/ld+json\" class=\"yoast-schema-graph\">{\"@context\":\"https:\/\/schema.org\",\"@graph\":[{\"@type\":\"WebPage\",\"@id\":\"https:\/\/carambuco.com\/tienda\/politica-de-calidad\/\",\"url\":\"https:\/\/carambuco.com\/tienda\/politica-de-calidad\/\",\"name\":\"Pol\u00edtica de Calidad | Tienda Online Carambuco\",\"isPartOf\":{\"@id\":\"https:\/\/carambuco.com\/tienda\/#website\"},\"primaryImageOfPage\":{\"@id\":\"https:\/\/carambuco.com\/tienda\/politica-de-calidad\/#primaryimage\"},\"image\":{\"@id\":\"https:\/\/carambuco.com\/tienda\/politica-de-calidad\/#primaryimage\"},\"thumbnailUrl\":\"http:\/\/carambuco.com\/tienda\/wp-content\/uploads\/2020\/04\/pngflow.com@2x.png\",\"datePublished\":\"2020-04-21T16:09:30+00:00\",\"dateModified\":\"2020-04-22T19:31:18+00:00\",\"description\":\"Tienda Online Carambuco | Compra caf\u00e9 Carambuco. Excelente mezcla de caf\u00e9 ar\u00e1bica 100%. Tambi\u00e9n descafeinado. Seleccionados en origen y de procedencia ecol\u00f3gica. Env\u00edo Gratis a Peninsula.\",\"breadcrumb\":{\"@id\":\"https:\/\/carambuco.com\/tienda\/politica-de-calidad\/#breadcrumb\"},\"inLanguage\":\"es\",\"potentialAction\":[{\"@type\":\"ReadAction\",\"target\":[\"https:\/\/carambuco.com\/tienda\/politica-de-calidad\/\"]}]},{\"@type\":\"ImageObject\",\"inLanguage\":\"es\",\"@id\":\"https:\/\/carambuco.com\/tienda\/politica-de-calidad\/#primaryimage\",\"url\":\"https:\/\/carambuco.com\/tienda\/wp-content\/uploads\/2020\/04\/pngflow.com@2x.png\",\"contentUrl\":\"https:\/\/carambuco.com\/tienda\/wp-content\/uploads\/2020\/04\/pngflow.com@2x.png\",\"width\":404,\"height\":186},{\"@type\":\"BreadcrumbList\",\"@id\":\"https:\/\/carambuco.com\/tienda\/politica-de-calidad\/#breadcrumb\",\"itemListElement\":[{\"@type\":\"ListItem\",\"position\":1,\"name\":\"Portada\",\"item\":\"https:\/\/carambuco.com\/tienda\/\"},{\"@type\":\"ListItem\",\"position\":2,\"name\":\"Pol\u00edtica de Calidad\"}]},{\"@type\":\"WebSite\",\"@id\":\"https:\/\/carambuco.com\/tienda\/#website\",\"url\":\"https:\/\/carambuco.com\/tienda\/\",\"name\":\"Tienda Caf\u00e9 Carambuco\",\"description\":\"Expertos en Caf\u00e9\",\"publisher\":{\"@id\":\"https:\/\/carambuco.com\/tienda\/#organization\"},\"potentialAction\":[{\"@type\":\"SearchAction\",\"target\":{\"@type\":\"EntryPoint\",\"urlTemplate\":\"https:\/\/carambuco.com\/tienda\/?s={search_term_string}\"},\"query-input\":{\"@type\":\"PropertyValueSpecification\",\"valueRequired\":true,\"valueName\":\"search_term_string\"}}],\"inLanguage\":\"es\"},{\"@type\":\"Organization\",\"@id\":\"https:\/\/carambuco.com\/tienda\/#organization\",\"name\":\"Caf\u00e9 Carambuco\",\"url\":\"https:\/\/carambuco.com\/tienda\/\",\"logo\":{\"@type\":\"ImageObject\",\"inLanguage\":\"es\",\"@id\":\"https:\/\/carambuco.com\/tienda\/#\/schema\/logo\/image\/\",\"url\":\"https:\/\/carambuco.com\/tienda\/wp-content\/uploads\/2020\/04\/cropped-logo-cafe-carambuco.png\",\"contentUrl\":\"https:\/\/carambuco.com\/tienda\/wp-content\/uploads\/2020\/04\/cropped-logo-cafe-carambuco.png\",\"width\":512,\"height\":512,\"caption\":\"Caf\u00e9 Carambuco\"},\"image\":{\"@id\":\"https:\/\/carambuco.com\/tienda\/#\/schema\/logo\/image\/\"}}]}<\/script>\n<!-- \/ Yoast SEO plugin. -->","yoast_head_json":{"title":"Pol\u00edtica de Calidad | Tienda Online Carambuco","description":"Tienda Online Carambuco | Compra caf\u00e9 Carambuco. Excelente mezcla de caf\u00e9 ar\u00e1bica 100%. Tambi\u00e9n descafeinado. Seleccionados en origen y de procedencia ecol\u00f3gica. Env\u00edo Gratis a Peninsula.","robots":{"index":"index","follow":"follow","max-snippet":"max-snippet:-1","max-image-preview":"max-image-preview:large","max-video-preview":"max-video-preview:-1"},"canonical":"https:\/\/carambuco.com\/tienda\/politica-de-calidad\/","og_locale":"es_ES","og_type":"article","og_title":"Pol\u00edtica de Calidad | Tienda Online Carambuco","og_description":"Tienda Online Carambuco | Compra caf\u00e9 Carambuco. Excelente mezcla de caf\u00e9 ar\u00e1bica 100%. Tambi\u00e9n descafeinado. Seleccionados en origen y de procedencia ecol\u00f3gica. Env\u00edo Gratis a Peninsula.","og_url":"https:\/\/carambuco.com\/tienda\/politica-de-calidad\/","og_site_name":"Tienda Caf\u00e9 Carambuco","article_modified_time":"2020-04-22T19:31:18+00:00","og_image":[{"url":"http:\/\/carambuco.com\/tienda\/wp-content\/uploads\/2020\/04\/pngflow.com@2x.png","type":"","width":"","height":""}],"twitter_card":"summary_large_image","twitter_misc":{"Tiempo de lectura":"2 minutos"},"schema":{"@context":"https:\/\/schema.org","@graph":[{"@type":"WebPage","@id":"https:\/\/carambuco.com\/tienda\/politica-de-calidad\/","url":"https:\/\/carambuco.com\/tienda\/politica-de-calidad\/","name":"Pol\u00edtica de Calidad | Tienda Online Carambuco","isPartOf":{"@id":"https:\/\/carambuco.com\/tienda\/#website"},"primaryImageOfPage":{"@id":"https:\/\/carambuco.com\/tienda\/politica-de-calidad\/#primaryimage"},"image":{"@id":"https:\/\/carambuco.com\/tienda\/politica-de-calidad\/#primaryimage"},"thumbnailUrl":"http:\/\/carambuco.com\/tienda\/wp-content\/uploads\/2020\/04\/pngflow.com@2x.png","datePublished":"2020-04-21T16:09:30+00:00","dateModified":"2020-04-22T19:31:18+00:00","description":"Tienda Online Carambuco | Compra caf\u00e9 Carambuco. Excelente mezcla de caf\u00e9 ar\u00e1bica 100%. Tambi\u00e9n descafeinado. Seleccionados en origen y de procedencia ecol\u00f3gica. Env\u00edo Gratis a Peninsula.","breadcrumb":{"@id":"https:\/\/carambuco.com\/tienda\/politica-de-calidad\/#breadcrumb"},"inLanguage":"es","potentialAction":[{"@type":"ReadAction","target":["https:\/\/carambuco.com\/tienda\/politica-de-calidad\/"]}]},{"@type":"ImageObject","inLanguage":"es","@id":"https:\/\/carambuco.com\/tienda\/politica-de-calidad\/#primaryimage","url":"https:\/\/carambuco.com\/tienda\/wp-content\/uploads\/2020\/04\/pngflow.com@2x.png","contentUrl":"https:\/\/carambuco.com\/tienda\/wp-content\/uploads\/2020\/04\/pngflow.com@2x.png","width":404,"height":186},{"@type":"BreadcrumbList","@id":"https:\/\/carambuco.com\/tienda\/politica-de-calidad\/#breadcrumb","itemListElement":[{"@type":"ListItem","position":1,"name":"Portada","item":"https:\/\/carambuco.com\/tienda\/"},{"@type":"ListItem","position":2,"name":"Pol\u00edtica de Calidad"}]},{"@type":"WebSite","@id":"https:\/\/carambuco.com\/tienda\/#website","url":"https:\/\/carambuco.com\/tienda\/","name":"Tienda Caf\u00e9 Carambuco","description":"Expertos en Caf\u00e9","publisher":{"@id":"https:\/\/carambuco.com\/tienda\/#organization"},"potentialAction":[{"@type":"SearchAction","target":{"@type":"EntryPoint","urlTemplate":"https:\/\/carambuco.com\/tienda\/?s={search_term_string}"},"query-input":{"@type":"PropertyValueSpecification","valueRequired":true,"valueName":"search_term_string"}}],"inLanguage":"es"},{"@type":"Organization","@id":"https:\/\/carambuco.com\/tienda\/#organization","name":"Caf\u00e9 Carambuco","url":"https:\/\/carambuco.com\/tienda\/","logo":{"@type":"ImageObject","inLanguage":"es","@id":"https:\/\/carambuco.com\/tienda\/#\/schema\/logo\/image\/","url":"https:\/\/carambuco.com\/tienda\/wp-content\/uploads\/2020\/04\/cropped-logo-cafe-carambuco.png","contentUrl":"https:\/\/carambuco.com\/tienda\/wp-content\/uploads\/2020\/04\/cropped-logo-cafe-carambuco.png","width":512,"height":512,"caption":"Caf\u00e9 Carambuco"},"image":{"@id":"https:\/\/carambuco.com\/tienda\/#\/schema\/logo\/image\/"}}]}},"_links":{"self":[{"href":"https:\/\/carambuco.com\/tienda\/wp-json\/wp\/v2\/pages\/121","targetHints":{"allow":["GET"]}}],"collection":[{"href":"https:\/\/carambuco.com\/tienda\/wp-json\/wp\/v2\/pages"}],"about":[{"href":"https:\/\/carambuco.com\/tienda\/wp-json\/wp\/v2\/types\/page"}],"author":[{"embeddable":true,"href":"https:\/\/carambuco.com\/tienda\/wp-json\/wp\/v2\/users\/1"}],"replies":[{"embeddable":true,"href":"https:\/\/carambuco.com\/tienda\/wp-json\/wp\/v2\/comments?post=121"}],"version-history":[{"count":12,"href":"https:\/\/carambuco.com\/tienda\/wp-json\/wp\/v2\/pages\/121\/revisions"}],"predecessor-version":[{"id":277,"href":"https:\/\/carambuco.com\/tienda\/wp-json\/wp\/v2\/pages\/121\/revisions\/277"}],"wp:attachment":[{"href":"https:\/\/carambuco.com\/tienda\/wp-json\/wp\/v2\/media?parent=121"}],"curies":[{"name":"wp","href":"https:\/\/api.w.org\/{rel}","templated":true}]}}